{"id":839,"date":"2026-02-25T16:43:56","date_gmt":"2026-02-25T15:43:56","guid":{"rendered":"https:\/\/www.zentrum-im-sein.at\/?page_id=839"},"modified":"2026-03-06T17:23:30","modified_gmt":"2026-03-06T16:23:30","slug":"zum-blog","status":"publish","type":"page","link":"https:\/\/www.zentrum-im-sein.at\/?page_id=839","title":{"rendered":"zum Blog"},"content":{"rendered":"\n<p>Seit nun fast zwei Jahren gehe ich nach drau\u00dfen.<br>Immer wieder erfuhr ich, dass ich mich mit meiner Einladung ja nicht nur an die Menschen wende, sondern, mmmh.. wie soll ich sagen, \u201evor allem\u201c, \u201ein erster Linie\u201c, oder einfach \u201eauch\u201c an die anders als menschliche Welt.<br>An das Feuer, die B\u00e4ume, den Wind, das Wasser, die Schnecken, den Farn, die Hirsche, \u2026 an das Lebendige.<br>Mit jedem Prozess, den ich mit allen erlebte, wurde mir klar, dass es um Anbindung, um Erinnerung, um gen\u00e4hrt Sein, um Wechselseitigkeit geht.<br>Jeder neue Ort, jede Witterung bringt neue Aufgaben und somit st\u00e4ndiges Lernen mit sich und meine eindeutige Empfehlung ist, dass es gut tut, zumindest ab und zu, die eigene \u201eKomfortzone\u201c zu verlassen, Erfahrungen zu machen, die aus dem Alltag, vielleicht sogar \u201eaus der Norm\u201c fallen. Sie erweitern die Sicht auf die Dinge, die F\u00e4higkeit zu antworten, auf das was ist und bringen Vielfalt, Bodenst\u00e4ndigkeit, Verankerung, sie lassen uns staunen und Lebendigkeit ganz unmittelbar sp\u00fcren.<br>Nun ist es so weit, dass ich dich gerne teilhaben lassen m\u00f6chte an den Erfahrungen &#8222;drau\u00dfen&#8220;, denn ich sch\u00e4tze das Wirken aller, die da sind, in der sog. &#8222;Natur&#8220;, sehr.<br>Gerne m\u00f6chte ich einen Hauch des Erlebten durch Texte und Bilder sp\u00fcrbar machen um einzuladen zu diesen n\u00e4hrenden, Vertrauen st\u00e4rkenden, erdverbundenen, gehaltenen Erinnerungsr\u00e4umen.<\/p>\n\n\n\n<p class=\"has-text-align-center\">Sei herzlich Willkommen!<br>Zu den naturdialogischen Drau\u00dfenzeiten,<br>zum da Lassen von Kommentaren,<br>zum ins Kontakt Kommen!<\/p>\n\n\n\n<p class=\"has-text-align-center\">Hier geht es zum <a href=\"https:\/\/www.zentrum-im-sein.at\/?page_id=799\">Blog<\/a><\/p>\n\n\n\n<figure class=\"wp-block-gallery has-nested-images columns-default is-cropped wp-block-gallery-1 is-layout-flex wp-block-gallery-is-layout-flex\">\n<figure class=\"wp-block-image size-large\"><img loading=\"lazy\" decoding=\"async\" width=\"1024\" height=\"498\" data-id=\"806\" src=\"https:\/\/www.zentrum-im-sein.at\/wp-content\/uploads\/2026\/02\/20250708_Herzbaum_ostsee-1024x498.jpg\" alt=\"\" class=\"wp-image-806\" srcset=\"https:\/\/www.zentrum-im-sein.at\/wp-content\/uploads\/2026\/02\/20250708_Herzbaum_ostsee-1024x498.jpg 1024w, https:\/\/www.zentrum-im-sein.at\/wp-content\/uploads\/2026\/02\/20250708_Herzbaum_ostsee-300x146.jpg 300w, https:\/\/www.zentrum-im-sein.at\/wp-content\/uploads\/2026\/02\/20250708_Herzbaum_ostsee-768x373.jpg 768w, https:\/\/www.zentrum-im-sein.at\/wp-content\/uploads\/2026\/02\/20250708_Herzbaum_ostsee-1536x747.jpg 1536w, https:\/\/www.zentrum-im-sein.at\/wp-content\/uploads\/2026\/02\/20250708_Herzbaum_ostsee-2048x995.jpg 2048w\" sizes=\"auto, (max-width: 706px) 89vw, (max-width: 767px) 82vw, 740px\" \/><\/figure>\n\n\n\n<figure class=\"wp-block-image size-large\"><img loading=\"lazy\" decoding=\"async\" width=\"1024\" height=\"498\" data-id=\"804\" src=\"https:\/\/www.zentrum-im-sein.at\/wp-content\/uploads\/2026\/02\/20250503_baumstamm-1024x498.jpg\" alt=\"\" class=\"wp-image-804\" srcset=\"https:\/\/www.zentrum-im-sein.at\/wp-content\/uploads\/2026\/02\/20250503_baumstamm-1024x498.jpg 1024w, https:\/\/www.zentrum-im-sein.at\/wp-content\/uploads\/2026\/02\/20250503_baumstamm-300x146.jpg 300w, https:\/\/www.zentrum-im-sein.at\/wp-content\/uploads\/2026\/02\/20250503_baumstamm-768x373.jpg 768w, https:\/\/www.zentrum-im-sein.at\/wp-content\/uploads\/2026\/02\/20250503_baumstamm-1536x747.jpg 1536w, https:\/\/www.zentrum-im-sein.at\/wp-content\/uploads\/2026\/02\/20250503_baumstamm-2048x995.jpg 2048w\" sizes=\"auto, (max-width: 706px) 89vw, (max-width: 767px) 82vw, 740px\" \/><\/figure>\n\n\n\n<figure class=\"wp-block-image size-large\"><img loading=\"lazy\" decoding=\"async\" width=\"1024\" height=\"498\" data-id=\"807\" src=\"https:\/\/www.zentrum-im-sein.at\/wp-content\/uploads\/2026\/02\/20250207_cumuru_see-1024x498.jpg\" alt=\"\" class=\"wp-image-807\" srcset=\"https:\/\/www.zentrum-im-sein.at\/wp-content\/uploads\/2026\/02\/20250207_cumuru_see-1024x498.jpg 1024w, https:\/\/www.zentrum-im-sein.at\/wp-content\/uploads\/2026\/02\/20250207_cumuru_see-300x146.jpg 300w, https:\/\/www.zentrum-im-sein.at\/wp-content\/uploads\/2026\/02\/20250207_cumuru_see-768x373.jpg 768w, https:\/\/www.zentrum-im-sein.at\/wp-content\/uploads\/2026\/02\/20250207_cumuru_see-1536x747.jpg 1536w, https:\/\/www.zentrum-im-sein.at\/wp-content\/uploads\/2026\/02\/20250207_cumuru_see-2048x995.jpg 2048w\" sizes=\"auto, (max-width: 706px) 89vw, (max-width: 767px) 82vw, 740px\" \/><\/figure>\n\n\n\n<figure class=\"wp-block-image size-large\"><img loading=\"lazy\" decoding=\"async\" width=\"1024\" height=\"498\" data-id=\"802\" src=\"https:\/\/www.zentrum-im-sein.at\/wp-content\/uploads\/2026\/02\/20250204_cumuru_praia1-1024x498.png\" alt=\"\" class=\"wp-image-802\" srcset=\"https:\/\/www.zentrum-im-sein.at\/wp-content\/uploads\/2026\/02\/20250204_cumuru_praia1-1024x498.png 1024w, https:\/\/www.zentrum-im-sein.at\/wp-content\/uploads\/2026\/02\/20250204_cumuru_praia1-300x146.png 300w, https:\/\/www.zentrum-im-sein.at\/wp-content\/uploads\/2026\/02\/20250204_cumuru_praia1-768x373.png 768w, https:\/\/www.zentrum-im-sein.at\/wp-content\/uploads\/2026\/02\/20250204_cumuru_praia1-1536x747.png 1536w, https:\/\/www.zentrum-im-sein.at\/wp-content\/uploads\/2026\/02\/20250204_cumuru_praia1-2048x995.png 2048w\" sizes=\"auto, (max-width: 706px) 89vw, (max-width: 767px) 82vw, 740px\" \/><\/figure>\n\n\n\n<figure class=\"wp-block-image size-large\"><img loading=\"lazy\" decoding=\"async\" width=\"1024\" height=\"498\" data-id=\"801\" src=\"https:\/\/www.zentrum-im-sein.at\/wp-content\/uploads\/2026\/02\/20250708_Baeume_Ostsee-1024x498.png\" alt=\"\" class=\"wp-image-801\" srcset=\"https:\/\/www.zentrum-im-sein.at\/wp-content\/uploads\/2026\/02\/20250708_Baeume_Ostsee-1024x498.png 1024w, https:\/\/www.zentrum-im-sein.at\/wp-content\/uploads\/2026\/02\/20250708_Baeume_Ostsee-300x146.png 300w, https:\/\/www.zentrum-im-sein.at\/wp-content\/uploads\/2026\/02\/20250708_Baeume_Ostsee-768x373.png 768w, https:\/\/www.zentrum-im-sein.at\/wp-content\/uploads\/2026\/02\/20250708_Baeume_Ostsee-1536x747.png 1536w, https:\/\/www.zentrum-im-sein.at\/wp-content\/uploads\/2026\/02\/20250708_Baeume_Ostsee-2048x995.png 2048w\" sizes=\"auto, (max-width: 706px) 89vw, (max-width: 767px) 82vw, 740px\" \/><\/figure>\n<\/figure>\n","protected":false},"excerpt":{"rendered":"<p>Seit nun fast zwei Jahren gehe ich nach drau\u00dfen.Immer wieder erfuhr ich, dass ich mich mit meiner Einladung ja nicht nur an die Menschen wende, sondern, mmmh.. wie soll ich sagen, \u201evor allem\u201c, \u201ein erster Linie\u201c, oder einfach \u201eauch\u201c an die anders als menschliche Welt.An das Feuer, die B\u00e4ume, den Wind, das Wasser, die Schnecken, &hellip; <\/p>\n<p class=\"link-more\"><a href=\"https:\/\/www.zentrum-im-sein.at\/?page_id=839\" class=\"more-link\"><span class=\"screen-reader-text\">\u201ezum Blog\u201c<\/span> weiterlesen<\/a><\/p>\n","protected":false},"author":1,"featured_media":803,"parent":0,"menu_order":0,"comment_status":"closed","ping_status":"closed","template":"","meta":{"footnotes":""},"class_list":["post-839","page","type-page","status-publish","has-post-thumbnail","hentry"],"_links":{"self":[{"href":"https:\/\/www.zentrum-im-sein.at\/index.php?rest_route=\/wp\/v2\/pages\/839","targetHints":{"allow":["GET"]}}],"collection":[{"href":"https:\/\/www.zentrum-im-sein.at\/index.php?rest_route=\/wp\/v2\/pages"}],"about":[{"href":"https:\/\/www.zentrum-im-sein.at\/index.php?rest_route=\/wp\/v2\/types\/page"}],"author":[{"embeddable":true,"href":"https:\/\/www.zentrum-im-sein.at\/index.php?rest_route=\/wp\/v2\/users\/1"}],"replies":[{"embeddable":true,"href":"https:\/\/www.zentrum-im-sein.at\/index.php?rest_route=%2Fwp%2Fv2%2Fcomments&post=839"}],"version-history":[{"count":10,"href":"https:\/\/www.zentrum-im-sein.at\/index.php?rest_route=\/wp\/v2\/pages\/839\/revisions"}],"predecessor-version":[{"id":896,"href":"https:\/\/www.zentrum-im-sein.at\/index.php?rest_route=\/wp\/v2\/pages\/839\/revisions\/896"}],"wp:featuredmedia":[{"embeddable":true,"href":"https:\/\/www.zentrum-im-sein.at\/index.php?rest_route=\/wp\/v2\/media\/803"}],"wp:attachment":[{"href":"https:\/\/www.zentrum-im-sein.at\/index.php?rest_route=%2Fwp%2Fv2%2Fmedia&parent=839"}],"curies":[{"name":"wp","href":"https:\/\/api.w.org\/{rel}","templated":true}]}}